{"id":771,"date":"2025-10-14T09:03:08","date_gmt":"2025-10-14T01:03:08","guid":{"rendered":"https:\/\/www.tailidapaper.com\/wordpress\/?page_id=771"},"modified":"2025-10-14T09:18:44","modified_gmt":"2025-10-14T01:18:44","slug":"about-2","status":"publish","type":"page","link":"https:\/\/www.tailidapaper.com\/wordpress\/?page_id=771&lang=vi","title":{"rendered":"V\u1ec1 ch\u00fang t\u00f4i"},"content":{"rendered":"\n<p><strong>V\u1ec1 ch\u00fang t\u00f4i<\/strong><br>\u0110\u01b0\u1ee3c th\u00e0nh l\u1eadp v\u00e0o n\u0103m 2018 v\u00e0 c\u00f3 tr\u1ee5 s\u1edf ch\u00ednh t\u1ea1i \u0110\u00e0i Loan, C\u00f4ng ty TNHH C\u00f4ng ngh\u1ec7 M\u00f4i tr\u01b0\u1eddng Tailida l\u00e0 m\u1ed9t c\u00f4ng ty chuy\u00ean v\u1ec1 b\u1ea3o v\u1ec7 m\u00f4i tr\u01b0\u1eddng v\u00e0 ph\u00e1t tri\u1ec3n b\u1ec1n v\u1eefng. Ho\u1ea1t \u0111\u1ed9ng kinh doanh ch\u00ednh c\u1ee7a ch\u00fang t\u00f4i bao g\u1ed3m nh\u1eadp kh\u1ea9u gi\u1ea5y ph\u1ebf li\u1ec7u v\u00e0 c\u00e1c lo\u1ea1i v\u1eadt li\u1ec7u \u0111\u00f3ng g\u00f3i t\u1eeb n\u01b0\u1edbc ngo\u00e0i, t\u00e1i ch\u1ebf, ph\u00e2n lo\u1ea1i v\u00e0 ch\u1ebf bi\u1ebfn th\u00e0nh c\u00e1c s\u1ea3n ph\u1ea9m b\u1ed9t gi\u1ea5y kh\u00f4 ch\u1ea5t l\u01b0\u1ee3ng cao. S\u1ea3n ph\u1ea9m b\u1ed9t gi\u1ea5y kh\u00f4 c\u1ee7a ch\u00fang t\u00f4i \u0111\u01b0\u1ee3c s\u1eed d\u1ee5ng r\u1ed9ng r\u00e3i trong s\u1ea3n xu\u1ea5t c\u00e1c s\u1ea3n ph\u1ea9m gi\u1ea5y kh\u00e1c nhau, bao g\u1ed3m gi\u1ea5y, th\u00f9ng carton v\u00e0 t\u00fai gi\u1ea5y, mang \u0111\u1ebfn cho kh\u00e1ch h\u00e0ng c\u00e1c gi\u1ea3i ph\u00e1p xanh v\u00e0 th\u00e2n thi\u1ec7n v\u1edbi m\u00f4i tr\u01b0\u1eddng. L\u00e0 m\u1ed9t c\u00f4ng ty m\u00f4i tr\u01b0\u1eddng chuy\u00ean nghi\u1ec7p, ch\u00fang t\u00f4i kh\u00f4ng ch\u1ec9 t\u1eadp trung v\u00e0o ch\u1ea5t l\u01b0\u1ee3ng s\u1ea3n ph\u1ea9m m\u00e0 c\u00f2n ch\u00fa tr\u1ecdng \u0111\u1ebfn b\u1ea3o v\u1ec7 m\u00f4i tr\u01b0\u1eddng v\u00e0 t\u00e1i s\u1eed d\u1ee5ng t\u00e0i nguy\u00ean. Ch\u00fang t\u00f4i tu\u00e2n th\u1ee7 c\u00e1c nguy\u00ean t\u1eafc \u201cgi\u1ea3m thi\u1ec3u, t\u00e1i ch\u1ebf v\u00e0 t\u00e1i s\u1eed d\u1ee5ng\u201d v\u00e0 t\u00edch c\u1ef1c th\u00fac \u0111\u1ea9y vi\u1ec7c t\u00e1i ch\u1ebf v\u00e0 t\u00e1i s\u1eed d\u1ee5ng gi\u1ea5y ph\u1ebf li\u1ec7u v\u00e0 v\u1eadt li\u1ec7u \u0111\u00f3ng g\u00f3i, gi\u1ea3m thi\u1ec3u ti\u00eau th\u1ee5 t\u00e0i nguy\u00ean thi\u00ean nhi\u00ean v\u00e0 gi\u1ea3m thi\u1ec3u \u00f4 nhi\u1ec5m m\u00f4i tr\u01b0\u1eddng. C\u00f4ng ty ch\u00fang t\u00f4i c\u00f3 m\u1ed9t \u0111\u1ed9i ng\u0169 chuy\u00ean nghi\u1ec7p v\u00e0 n\u0103ng \u0111\u1ed9ng v\u1edbi kinh nghi\u1ec7m v\u00e0 chuy\u00ean m\u00f4n s\u00e2u r\u1ed9ng trong ng\u00e0nh, t\u1eadn t\u00e2m cung c\u1ea5p cho kh\u00e1ch h\u00e0ng nh\u1eefng s\u1ea3n ph\u1ea9m v\u00e0 d\u1ecbch v\u1ee5 ch\u1ea5t l\u01b0\u1ee3ng cao nh\u1ea5t. M\u1ed7i th\u00e0nh vi\u00ean trong c\u00f4ng ty \u0111\u1ec1u t\u00edch c\u1ef1c tham gia v\u00e0o s\u1ef1 ph\u00e1t tri\u1ec3n c\u1ee7a doanh nghi\u1ec7p v\u00e0 tr\u00e1ch nhi\u1ec7m x\u00e3 h\u1ed9i, v\u00e0 th\u00f4ng qua vi\u1ec7c h\u1ecdc h\u1ecfi v\u00e0 \u0111\u1ed5i m\u1edbi li\u00ean t\u1ee5c, ch\u00fang t\u00f4i cam k\u1ebft \u0111\u1ea1t \u0111\u01b0\u1ee3c c\u00e1c m\u1ee5c ti\u00eau ph\u00e1t tri\u1ec3n v\u00e0 s\u1ee9 m\u1ec7nh b\u1ea3o v\u1ec7 m\u00f4i tr\u01b0\u1eddng c\u1ee7a c\u00f4ng ty.<\/p>\n\n\n\n<p><strong>Tri\u1ebft l\u00fd Kinh doanh<\/strong><br>Tri\u1ebft l\u00fd kinh doanh c\u1ee7a ch\u00fang t\u00f4i l\u1ea5y con ng\u01b0\u1eddi l\u00e0m tr\u1ecdng t\u00e2m v\u00e0 d\u1ef1a tr\u00ean s\u1ef1 ch\u00ednh tr\u1ef1c, th\u1ec3 hi\u1ec7n c\u00e1c gi\u00e1 tr\u1ecb c\u1ed1t l\u00f5i v\u1ec1 \u0111\u1ed5i m\u1edbi v\u00e0 ch\u1ea5t l\u01b0\u1ee3ng. Ch\u00fang t\u00f4i tin t\u01b0\u1edfng ch\u1eafc ch\u1eafn r\u1eb1ng ch\u1ec9 b\u1eb1ng c\u00e1ch t\u00f4n tr\u1ecdng m\u1ecdi nh\u00e2n vi\u00ean, x\u00e2y d\u1ef1ng h\u00ecnh \u1ea3nh doanh nghi\u1ec7p ch\u00ednh tr\u1ef1c, kh\u00f4ng ng\u1eebng th\u00fac \u0111\u1ea9y \u0111\u1ed5i m\u1edbi v\u00e0 n\u00e2ng cao ch\u1ea5t l\u01b0\u1ee3ng, ch\u00fang t\u00f4i m\u1edbi c\u00f3 th\u1ec3 \u0111\u1ea1t \u0111\u01b0\u1ee3c s\u1ef1 ph\u00e1t tri\u1ec3n b\u1ec1n v\u1eefng v\u00e0 c\u00e1c m\u1ee5c ti\u00eau d\u00e0i h\u1ea1n.<\/p>\n\n\n\n<p><strong>T\u1ea7m nh\u00ecn C\u00f4ng ty<\/strong><\/p>\n\n\n\n<ol class=\"wp-block-list\">\n<li>T\u1ea7m nh\u00ecn c\u1ee7a ch\u00fang t\u00f4i l\u00e0 \u0111\u1ea1t \u0111\u01b0\u1ee3c ch\u1ea5t l\u01b0\u1ee3ng ti\u00eau chu\u1ea9n h\u00f3a, hi\u1ec7u qu\u1ea3 t\u1ed1i \u01b0u, c\u1ea1nh tranh qu\u1ed1c t\u1ebf v\u00e0 \u0111a d\u1ea1ng h\u00f3a doanh nghi\u1ec7p. Ch\u00fang t\u00f4i s\u1ebd li\u00ean t\u1ee5c n\u00e2ng cao n\u0103ng l\u1ef1c c\u1ea1nh tranh, ch\u1ee7 \u0111\u1ed9ng khai th\u00e1c th\u1ecb tr\u01b0\u1eddng qu\u1ed1c t\u1ebf v\u00e0 \u0111\u1ea1t \u0111\u01b0\u1ee3c s\u1ef1 ph\u00e1t tri\u1ec3n \u0111a d\u1ea1ng.<\/li>\n\n\n\n<li>\u0110\u1ed3ng th\u1eddi, ch\u00fang t\u00f4i tu\u00e2n th\u1ee7 c\u00e1c nguy\u00ean t\u1eafc ti\u1ebft ki\u1ec7m n\u0103ng l\u01b0\u1ee3ng v\u00e0 gi\u1ea3m thi\u1ec3u carbon, b\u1ea3o v\u1ec7 m\u00f4i tr\u01b0\u1eddng v\u00e0 t\u00e1i ch\u1ebf t\u00e0i nguy\u00ean. Th\u00f4ng qua vi\u1ec7c ti\u1ebft ki\u1ec7m n\u0103ng l\u01b0\u1ee3ng, gi\u1ea3m thi\u1ec3u kh\u00ed th\u1ea3i v\u00e0 t\u00e1i ch\u1ebf t\u00e0i nguy\u00ean, ch\u00fang t\u00f4i s\u1ebd \u0111\u00f3ng g\u00f3p x\u1ee9ng \u0111\u00e1ng v\u00e0o vi\u1ec7c b\u1ea3o v\u1ec7 m\u00f4i tr\u01b0\u1eddng sinh th\u00e1i to\u00e0n c\u1ea7u v\u00e0 \u0111\u1ea1t \u0111\u01b0\u1ee3c s\u1ef1 ph\u00e1t tri\u1ec3n b\u1ec1n v\u1eefng.<\/li>\n<\/ol>\n\n\n\n<p><strong>S\u1ea3n ph\u1ea9m\/D\u1ecbch v\u1ee5 Ch\u00ednh<\/strong><\/p>\n\n\n\n<ol class=\"wp-block-list\">\n<li>Thu mua Gi\u1ea5y ph\u1ebf li\u1ec7u nh\u1eadp kh\u1ea9u: Ch\u00fang t\u00f4i nh\u1eadp kh\u1ea9u nhi\u1ec1u lo\u1ea1i gi\u1ea5y ph\u1ebf li\u1ec7u t\u1eeb n\u01b0\u1edbc ngo\u00e0i, bao g\u1ed3m gi\u1ea5y, b\u00eca c\u1ee9ng v\u00e0 th\u00f9ng carton, \u0111\u1ec3 \u0111\u1ea3m b\u1ea3o s\u1ef1 \u0111a d\u1ea1ng v\u00e0 phong ph\u00fa c\u1ee7a ngu\u1ed3n nguy\u00ean li\u1ec7u th\u00f4.<\/li>\n\n\n\n<li>T\u00e1i ch\u1ebf, Ph\u00e2n lo\u1ea1i v\u00e0 S\u1eed d\u1ee5ng To\u00e0n di\u1ec7n V\u1eadt li\u1ec7u \u0110\u00f3ng g\u00f3i: Ch\u00fang t\u00f4i cam k\u1ebft t\u00e1i ch\u1ebf, ph\u00e2n lo\u1ea1i v\u00e0 s\u1eed d\u1ee5ng c\u00e1c v\u1eadt li\u1ec7u \u0111\u00f3ng g\u00f3i kh\u00e1c nhau, bao g\u1ed3m c\u1ea3 bao b\u00ec gi\u1ea5y, \u0111\u1ec3 \u0111\u1ea1t \u0111\u01b0\u1ee3c m\u1ee5c ti\u00eau t\u00e1i ch\u1ebf t\u00e0i nguy\u00ean v\u00e0 b\u1ea3o v\u1ec7 m\u00f4i tr\u01b0\u1eddng.<\/li>\n\n\n\n<li>S\u1ea3n xu\u1ea5t B\u1ed9t gi\u1ea5y Kh\u00f4: Ch\u00fang t\u00f4i x\u1eed l\u00fd v\u00e0 x\u1eed l\u00fd gi\u1ea5y ph\u1ebf li\u1ec7u nh\u1eadp kh\u1ea9u v\u00e0 v\u1eadt li\u1ec7u \u0111\u00f3ng g\u00f3i t\u00e1i ch\u1ebf \u0111\u1ec3 s\u1ea3n xu\u1ea5t b\u1ed9t gi\u1ea5y kh\u00f4 ch\u1ea5t l\u01b0\u1ee3ng cao, s\u1eed d\u1ee5ng trong nhi\u1ec1u s\u1ea3n ph\u1ea9m gi\u1ea5y kh\u00e1c nhau, ch\u1eb3ng h\u1ea1n nh\u01b0 gi\u1ea5y, th\u00f9ng carton v\u00e0 t\u00fai gi\u1ea5y.<\/li>\n<\/ol>\n\n\n\n<p><strong>Nh\u00e0 m\u00e1y B\u00ecnh \u0110\u00f4ng<\/strong><br>Nh\u00e0 m\u00e1y c\u1ee7a ch\u00fang t\u00f4i t\u1ecda l\u1ea1c t\u1ea1i mi\u1ec1n Nam \u0110\u00e0i Loan, n\u1eb1m gi\u1eefa B\u00e1n \u0111\u1ea3o H\u1eb1ng Xu\u00e2n v\u00e0 Huy\u1ec7n B\u00ecnh \u0110\u00f4ng. Nh\u00e0 m\u00e1y n\u1eb1m trong v\u00f9ng kh\u00ed h\u1eadu nhi\u1ec7t \u0111\u1edbi gi\u00f3 m\u00f9a v\u1edbi nhi\u1ec7t \u0111\u1ed9 trung b\u00ecnh h\u00e0ng n\u0103m l\u00e0 25\u00b0C v\u00e0 12 gi\u1edd n\u1eafng.<\/p>\n\n\n\n<p>Th\u00e0nh l\u1eadp: 2019<\/p>\n\n\n\n<p>T\u1ed5ng di\u1ec7n t\u00edch \u0111\u1ea5t: 80.154 m\u00e9t vu\u00f4ng<\/p>\n\n\n\n<p>Di\u1ec7n t\u00edch nh\u00e0 m\u00e1y: 21.108 m\u00e9t vu\u00f4ng<\/p>\n\n\n\n<p>\u0110\u1ecba ch\u1ec9 nh\u00e0 m\u00e1y B\u00ecnh \u0110\u00f4ng: S\u1ed1 2-8, \u0110\u01b0\u1eddng V\u0129nh T\u01b0\u1eddng, Th\u00f4n \u0110\u00f4ng H\u1ea3i, X\u00e3 Ph\u01b0\u01a1ng Li\u00eau, Huy\u1ec7n B\u00ecnh \u0110\u00f4ng<\/p>\n\n\n\n<p>Kho\u1ea3ng c\u00e1ch tr\u1ef1c ti\u1ebfp t\u1eeb C\u1ea3ng Cao H\u00f9ng: 36 km<\/p>\n\n\n\n<p>Kho\u1ea3ng c\u00e1ch tr\u1ef1c ti\u1ebfp t\u1eeb S\u00e2n bay Ti\u1ec3u C\u1ea3ng: 30 km<br>Kho\u1ea3ng c\u00e1ch tr\u1ef1c ti\u1ebfp t\u1eeb \u0110\u01b0\u1eddng s\u1eaft Cao t\u1ed1c T\u1ea3 Doanh: 41 km<\/p>\n","protected":false},"excerpt":{"rendered":"<p>V\u1ec1 ch\u00fang t\u00f4i\u0110\u01b0\u1ee3c th\u00e0nh l\u1eadp v\u00e0o n\u0103m 2018 v\u00e0 c\u00f3 tr\u1ee5 s\u1edf ch [&hellip;]<\/p>\n","protected":false},"author":1,"featured_media":255,"parent":0,"menu_order":0,"comment_status":"closed","ping_status":"closed","template":"","meta":{"footnotes":""},"class_list":["post-771","page","type-page","status-publish","has-post-thumbnail","hentry"],"_links":{"self":[{"href":"https:\/\/www.tailidapaper.com\/wordpress\/index.php?rest_route=\/wp\/v2\/pages\/771","targetHints":{"allow":["GET"]}}],"collection":[{"href":"https:\/\/www.tailidapaper.com\/wordpress\/index.php?rest_route=\/wp\/v2\/pages"}],"about":[{"href":"https:\/\/www.tailidapaper.com\/wordpress\/index.php?rest_route=\/wp\/v2\/types\/page"}],"author":[{"embeddable":true,"href":"https:\/\/www.tailidapaper.com\/wordpress\/index.php?rest_route=\/wp\/v2\/users\/1"}],"replies":[{"embeddable":true,"href":"https:\/\/www.tailidapaper.com\/wordpress\/index.php?rest_route=%2Fwp%2Fv2%2Fcomments&post=771"}],"version-history":[{"count":5,"href":"https:\/\/www.tailidapaper.com\/wordpress\/index.php?rest_route=\/wp\/v2\/pages\/771\/revisions"}],"predecessor-version":[{"id":783,"href":"https:\/\/www.tailidapaper.com\/wordpress\/index.php?rest_route=\/wp\/v2\/pages\/771\/revisions\/783"}],"wp:featuredmedia":[{"embeddable":true,"href":"https:\/\/www.tailidapaper.com\/wordpress\/index.php?rest_route=\/wp\/v2\/media\/255"}],"wp:attachment":[{"href":"https:\/\/www.tailidapaper.com\/wordpress\/index.php?rest_route=%2Fwp%2Fv2%2Fmedia&parent=771"}],"curies":[{"name":"wp","href":"https:\/\/api.w.org\/{rel}","templated":true}]}}