{"id":778,"date":"2025-10-14T09:14:43","date_gmt":"2025-10-14T01:14:43","guid":{"rendered":"https:\/\/www.tailidapaper.com\/wordpress\/?page_id=778"},"modified":"2025-10-14T09:15:43","modified_gmt":"2025-10-14T01:15:43","slug":"welfare-3","status":"publish","type":"page","link":"https:\/\/www.tailidapaper.com\/wordpress\/?page_id=778&lang=vi","title":{"rendered":"Velfer\u00f0arkerfi"},"content":{"rendered":"\n<h2 class=\"wp-block-heading\">L\u00f6gbundin fr\u00ed\u00f0indi<\/h2>\n\n\n\n<p>Brj\u00f3stagjafarherbergi, um\u00f6nnunarleyfi fyrir fj\u00f6lskyldur, vinnuaflstryggingar, sj\u00fakratryggingar, fe\u00f0raorlof, f\u00e6\u00f0ingarorlof, s\u00e9rstakt leyfi, foreldraorlof, t\u00ed\u00f0afr\u00ed, eftirlaunaframlag vinnuafls, um\u00f6nnunarleyfi fyrir me\u00f0g\u00f6ngu, leyfi vegna me\u00f0g\u00f6ngusko\u00f0unar, um\u00f6nnunarleyfi vegna faraldursvarna<\/p>\n\n\n\n<h2 class=\"wp-block-heading\">A\u00f0rir fr\u00ed\u00f0indi<\/h2>\n\n\n\n<p>Fr\u00eddagsb\u00f3nusar og gjafir, vottunarb\u00f3nusar fyrir fagf\u00f3lk, h\u00f3ptrygging starfsmanna,<\/p>\n\n\n\n<p>Kv\u00f6ldver\u00f0ur \u00ed lok \u00e1rs, vi\u00f0bur\u00f0ur \u00e1 mi\u00f0hausth\u00e1t\u00ed\u00f0, afm\u00e6lisgjafabr\u00e9f, starfsmannasetustofa,<\/p>\n\n\n\n<p>Fr\u00eddagsb\u00f3nusar, hvatningarb\u00f3nusar, fr\u00eddagsb\u00f3nusar, b\u00f3nusar fyrir samsetningu og sundurt\u00f6ku g\u00e1ma (flutningab\u00edlstj\u00f3rar),<\/p>\n\n\n\n<p>T\u00e6knilegir styrkir, vaktastyrkir, st\u00f6\u00f0ustyrkir, vaktastyrkir,<\/p>\n\n\n\n<p>N\u00e6ringarr\u00edkur h\u00e1degisver\u00f0ur, yfirvinnum\u00e1lt\u00ed\u00f0ir<\/p>\n","protected":false},"excerpt":{"rendered":"<p>L\u00f6gbundin fr\u00ed\u00f0indi Brj\u00f3stagjafarherbergi, um\u00f6nnunarleyf [&hellip;]<\/p>\n","protected":false},"author":1,"featured_media":0,"parent":0,"menu_order":0,"comment_status":"closed","ping_status":"closed","template":"","meta":{"footnotes":""},"class_list":["post-778","page","type-page","status-publish","hentry"],"_links":{"self":[{"href":"https:\/\/www.tailidapaper.com\/wordpress\/index.php?rest_route=\/wp\/v2\/pages\/778","targetHints":{"allow":["GET"]}}],"collection":[{"href":"https:\/\/www.tailidapaper.com\/wordpress\/index.php?rest_route=\/wp\/v2\/pages"}],"about":[{"href":"https:\/\/www.tailidapaper.com\/wordpress\/index.php?rest_route=\/wp\/v2\/types\/page"}],"author":[{"embeddable":true,"href":"https:\/\/www.tailidapaper.com\/wordpress\/index.php?rest_route=\/wp\/v2\/users\/1"}],"replies":[{"embeddable":true,"href":"https:\/\/www.tailidapaper.com\/wordpress\/index.php?rest_route=%2Fwp%2Fv2%2Fcomments&post=778"}],"version-history":[{"count":2,"href":"https:\/\/www.tailidapaper.com\/wordpress\/index.php?rest_route=\/wp\/v2\/pages\/778\/revisions"}],"predecessor-version":[{"id":780,"href":"https:\/\/www.tailidapaper.com\/wordpress\/index.php?rest_route=\/wp\/v2\/pages\/778\/revisions\/780"}],"wp:attachment":[{"href":"https:\/\/www.tailidapaper.com\/wordpress\/index.php?rest_route=%2Fwp%2Fv2%2Fmedia&parent=778"}],"curies":[{"name":"wp","href":"https:\/\/api.w.org\/{rel}","templated":true}]}}